{"id":2438,"date":"2022-12-13T11:32:41","date_gmt":"2022-12-13T11:32:41","guid":{"rendered":"https:\/\/pruebavitoria.es\/?page_id=2438"},"modified":"2022-12-20T10:00:02","modified_gmt":"2022-12-20T10:00:02","slug":"edicion-especial","status":"publish","type":"page","link":"https:\/\/pruebavitoria.es\/eu\/edicion-especial\/","title":{"rendered":"Edizio berezia"},"content":{"rendered":"<div data-elementor-type=\"wp-page\" data-elementor-id=\"2438\" class=\"elementor elementor-2438\" data-elementor-settings=\"{&quot;ha_cmc_init_switcher&quot;:&quot;no&quot;}\" data-elementor-post-type=\"page\">\n\t\t\t\t\t\t<section class=\"elementor-section elementor-top-section elementor-element elementor-element-4cb493a2 elementor-section-full_width elementor-section-height-min-height elementor-section-height-default elementor-section-items-middle\" data-id=\"4cb493a2\" data-element_type=\"section\" data-e-type=\"section\" data-settings=\"{&quot;background_background&quot;:&quot;classic&quot;,&quot;_ha_eqh_enable&quot;:false}\">\n\t\t\t\t\t\t\t<div class=\"elementor-background-overlay\"><\/div>\n\t\t\t\t\t\t\t<div class=\"elementor-container elementor-column-gap-default\">\n\t\t\t\t\t<div class=\"elementor-column elementor-col-33 elementor-top-column elementor-element elementor-element-10266901\" data-id=\"10266901\" data-element_type=\"column\" data-e-type=\"column\">\n\t\t\t<div class=\"elementor-widget-wrap\">\n\t\t\t\t\t\t\t<\/div>\n\t\t<\/div>\n\t\t\t\t<div class=\"elementor-column elementor-col-33 elementor-top-column elementor-element elementor-element-f308c28\" data-id=\"f308c28\" data-element_type=\"column\" data-e-type=\"column\">\n\t\t\t<div class=\"elementor-widget-wrap elementor-element-populated\">\n\t\t\t\t\t\t<div class=\"elementor-element elementor-element-1e78a3b2 elementor-widget elementor-widget-heading\" data-id=\"1e78a3b2\" data-element_type=\"widget\" data-e-type=\"widget\" data-widget_type=\"heading.default\">\n\t\t\t\t<div class=\"elementor-widget-container\">\n\t\t\t\t\t<h2 class=\"elementor-heading-title elementor-size-default\">EDIZIO BEREZIA<\/h2>\t\t\t\t<\/div>\n\t\t\t\t<\/div>\n\t\t\t\t\t<\/div>\n\t\t<\/div>\n\t\t\t\t<div class=\"elementor-column elementor-col-33 elementor-top-column elementor-element elementor-element-37f75df5\" data-id=\"37f75df5\" data-element_type=\"column\" data-e-type=\"column\">\n\t\t\t<div class=\"elementor-widget-wrap\">\n\t\t\t\t\t\t\t<\/div>\n\t\t<\/div>\n\t\t\t\t\t<\/div>\n\t\t<\/section>\n\t\t\t\t<section class=\"elementor-section elementor-top-section elementor-element elementor-element-76baaed elementor-section-boxed elementor-section-height-default elementor-section-height-default\" data-id=\"76baaed\" data-element_type=\"section\" data-e-type=\"section\" data-settings=\"{&quot;_ha_eqh_enable&quot;:false}\">\n\t\t\t\t\t\t<div class=\"elementor-container elementor-column-gap-default\">\n\t\t\t\t\t<div class=\"elementor-column elementor-col-100 elementor-top-column elementor-element elementor-element-2df1438\" data-id=\"2df1438\" data-element_type=\"column\" data-e-type=\"column\">\n\t\t\t<div class=\"elementor-widget-wrap elementor-element-populated\">\n\t\t\t\t\t\t<div class=\"elementor-element elementor-element-21416c2 elementor-widget elementor-widget-image\" data-id=\"21416c2\" data-element_type=\"widget\" data-e-type=\"widget\" data-widget_type=\"image.default\">\n\t\t\t\t<div class=\"elementor-widget-container\">\n\t\t\t\t\t\t\t\t\t\t\t\t\t\t\t<img fetchpriority=\"high\" decoding=\"async\" width=\"300\" height=\"300\" src=\"https:\/\/pruebavitoria.es\/wp-content\/uploads\/2022\/11\/cropped-TDF-GD_Pays-Basque2023-Logo-White_background-RGB-300x300.png\" class=\"attachment-medium size-medium wp-image-1443\" alt=\"\" srcset=\"https:\/\/pruebavitoria.es\/wp-content\/uploads\/2022\/11\/cropped-TDF-GD_Pays-Basque2023-Logo-White_background-RGB-300x300.png 300w, https:\/\/pruebavitoria.es\/wp-content\/uploads\/2022\/11\/cropped-TDF-GD_Pays-Basque2023-Logo-White_background-RGB-150x150.png 150w, https:\/\/pruebavitoria.es\/wp-content\/uploads\/2022\/11\/cropped-TDF-GD_Pays-Basque2023-Logo-White_background-RGB-270x270.png 270w, https:\/\/pruebavitoria.es\/wp-content\/uploads\/2022\/11\/cropped-TDF-GD_Pays-Basque2023-Logo-White_background-RGB-192x192.png 192w, https:\/\/pruebavitoria.es\/wp-content\/uploads\/2022\/11\/cropped-TDF-GD_Pays-Basque2023-Logo-White_background-RGB-180x180.png 180w, https:\/\/pruebavitoria.es\/wp-content\/uploads\/2022\/11\/cropped-TDF-GD_Pays-Basque2023-Logo-White_background-RGB-32x32.png 32w, https:\/\/pruebavitoria.es\/wp-content\/uploads\/2022\/11\/cropped-TDF-GD_Pays-Basque2023-Logo-White_background-RGB.png 512w\" sizes=\"(max-width: 300px) 100vw, 300px\" \/>\t\t\t\t\t\t\t\t\t\t\t\t\t\t\t<\/div>\n\t\t\t\t<\/div>\n\t\t\t\t\t<\/div>\n\t\t<\/div>\n\t\t\t\t\t<\/div>\n\t\t<\/section>\n\t\t\t\t<section class=\"elementor-section elementor-top-section elementor-element elementor-element-67ebaed elementor-section-boxed elementor-section-height-default elementor-section-height-default\" data-id=\"67ebaed\" data-element_type=\"section\" data-e-type=\"section\" data-settings=\"{&quot;_ha_eqh_enable&quot;:false}\">\n\t\t\t\t\t\t<div class=\"elementor-container elementor-column-gap-default\">\n\t\t\t\t\t<div class=\"elementor-column elementor-col-100 elementor-top-column elementor-element elementor-element-8d39d56\" data-id=\"8d39d56\" data-element_type=\"column\" data-e-type=\"column\">\n\t\t\t<div class=\"elementor-widget-wrap elementor-element-populated\">\n\t\t\t\t\t\t<div class=\"elementor-element elementor-element-3ce644d elementor-widget elementor-widget-heading\" data-id=\"3ce644d\" data-element_type=\"widget\" data-e-type=\"widget\" data-widget_type=\"heading.default\">\n\t\t\t\t<div class=\"elementor-widget-container\">\n\t\t\t\t\t<h2 class=\"elementor-heading-title elementor-size-default\">ZEINEK EZ DU AMESTU MAILLOT HORIA JANZTEAREKIN?<\/h2>\t\t\t\t<\/div>\n\t\t\t\t<\/div>\n\t\t\t\t<div class=\"elementor-element elementor-element-a112c49 elementor-widget-divider--view-line elementor-widget elementor-widget-divider\" data-id=\"a112c49\" data-element_type=\"widget\" data-e-type=\"widget\" data-widget_type=\"divider.default\">\n\t\t\t\t<div class=\"elementor-widget-container\">\n\t\t\t\t\t\t\t<div class=\"elementor-divider\">\n\t\t\t<span class=\"elementor-divider-separator\">\n\t\t\t\t\t\t<\/span>\n\t\t<\/div>\n\t\t\t\t\t\t<\/div>\n\t\t\t\t<\/div>\n\t\t\t\t<div class=\"elementor-element elementor-element-ecab1e0 elementor-widget elementor-widget-heading\" data-id=\"ecab1e0\" data-element_type=\"widget\" data-e-type=\"widget\" data-widget_type=\"heading.default\">\n\t\t\t\t<div class=\"elementor-widget-container\">\n\t\t\t\t\t<h2 class=\"elementor-heading-title elementor-size-default\">ZEU izan zaitezke protagonista. PRUEBA CICLOTURISTA VITORIA ekitaldiaren edizio berezi honetan parte hartzeko eta maillot horia ipintzeko aukera paregabea galduko duzu?<\/h2>\t\t\t\t<\/div>\n\t\t\t\t<\/div>\n\t\t\t\t<div class=\"elementor-element elementor-element-547f03e elementor-widget elementor-widget-text-editor\" data-id=\"547f03e\" data-element_type=\"widget\" data-e-type=\"widget\" data-widget_type=\"text-editor.default\">\n\t\t\t\t<div class=\"elementor-widget-container\">\n\t\t\t\t\t\t\t\t\t<p>2023ko ekainaren 24an egingo den PRUEBA CICLOTURISTA VITORIA-ren hurrengo edizioa oso berezia izango da. Dakizuenez, 2023ko FRANTZIAKO TOURRA EUSKADITIK aterako da, eta gure martxa GRAND D\u00c9PART PAYS BASQUE egutegiaren barruan programatutako jardueretako bat izango da, Gipuzkoan eta Bizkaian antolatutako beste bi martxekin batera.<\/p><p>41. edizio honetan bi ibilbide izango ditugu, bata distantzia luzekoa (180 km), gure probintziaren zati handi bat zeharkatuko duena mendi, portu eta paisaia harrigarrien artean, eta beste bat laburragoa (100 km), edizio historiko eta errepikaezin honetan parte hartu gabe inor gera ez dadin.<\/p><p>Grand D\u00e9part Pays Basque anfitrioi izatearen eta Frantziako Tourraz gozatzeko ametsaren gailurra da, gure hiri, herri eta errepideetan zehar. Euskal erakundeek indarrak batu dituzte nazioarteko txirrindulariz betetako pelotoi batek uztailean gure lurraldea zeharkatzen ikusteko eta munduko kirol-ikuskizun handienetako bat bertatik bertara bizitzeko. Baina lehen ZU izan zaitezke protagonista. Prueba Cicloturista Vitoria-ren edizio berezi honetan parte hartu eta barrutik bizitzeko aukera paregabea duzu aurrean. Aurtengo edizioa oso berezia izango da eta horia gehituko dugu gure martxaren ohiko koloreei. Animatzen zara?<\/p><p>Zeinek ez du amestu maillot horia janztearekin?<strong> Prueba Cicloturista Vitoria 2023 bete eta historiaren parte bihurtu, Grand Depart Pays Basque-ren parte bihurtu!<\/strong><\/p>\t\t\t\t\t\t\t\t<\/div>\n\t\t\t\t<\/div>\n\t\t\t\t\t<\/div>\n\t\t<\/div>\n\t\t\t\t\t<\/div>\n\t\t<\/section>\n\t\t\t\t<\/div>","protected":false},"excerpt":{"rendered":"<p>EDICI\u00d3N ESPECIAL \u00bfQUI\u00c9N NO HA SO\u00d1ADO CON VESTIR EL MAILLOT AMARILLO? T\u00da puedes ser protagonista. Una gran ocasi\u00f3n para vivir y participar en una edici\u00f3n especial de la Prueba Ciclista Vitoria en la que sumaremos el amarillo a los colores habituales de nuestra marcha. La pr\u00f3xima edici\u00f3n de la PRUEBA CICLOTURISTA VITORIA que se celebrar\u00e1 [&hellip;]<\/p>","protected":false},"author":1,"featured_media":0,"parent":0,"menu_order":0,"comment_status":"closed","ping_status":"closed","template":"","meta":{"site-sidebar-layout":"no-sidebar","site-content-layout":"page-builder","ast-site-content-layout":"default","site-content-style":"default","site-sidebar-style":"default","ast-global-header-display":"","ast-banner-title-visibility":"","ast-main-header-display":"","ast-hfb-above-header-display":"","ast-hfb-below-header-display":"","ast-hfb-mobile-header-display":"","site-post-title":"disabled","ast-breadcrumbs-content":"","ast-featured-img":"disabled","footer-sml-layout":"","ast-disable-related-posts":"","theme-transparent-header-meta":"","adv-header-id-meta":"","stick-header-meta":"","header-above-stick-meta":"","header-main-stick-meta":"","header-below-stick-meta":"","astra-migrate-meta-layouts":"default","ast-page-background-enabled":"default","ast-page-background-meta":{"desktop":{"background-color":"var(--ast-global-color-4)","background-image":"","background-repeat":"repeat","background-position":"center center","background-size":"auto","background-attachment":"scroll","background-type":"","background-media":"","overlay-type":"","overlay-color":"","overlay-opacity":"","overlay-gradient":""},"tablet":{"background-color":"","background-image":"","background-repeat":"repeat","background-position":"center center","background-size":"auto","background-attachment":"scroll","background-type":"","background-media":"","overlay-type":"","overlay-color":"","overlay-opacity":"","overlay-gradient":""},"mobile":{"background-color":"","background-image":"","background-repeat":"repeat","background-position":"center center","background-size":"auto","background-attachment":"scroll","background-type":"","background-media":"","overlay-type":"","overlay-color":"","overlay-opacity":"","overlay-gradient":""}},"ast-content-background-meta":{"desktop":{"background-color":"var(--ast-global-color-5)","background-image":"","background-repeat":"repeat","background-position":"center center","background-size":"auto","background-attachment":"scroll","background-type":"","background-media":"","overlay-type":"","overlay-color":"","overlay-opacity":"","overlay-gradient":""},"tablet":{"background-color":"var(--ast-global-color-5)","background-image":"","background-repeat":"repeat","background-position":"center center","background-size":"auto","background-attachment":"scroll","background-type":"","background-media":"","overlay-type":"","overlay-color":"","overlay-opacity":"","overlay-gradient":""},"mobile":{"background-color":"var(--ast-global-color-5)","background-image":"","background-repeat":"repeat","background-position":"center center","background-size":"auto","background-attachment":"scroll","background-type":"","background-media":"","overlay-type":"","overlay-color":"","overlay-opacity":"","overlay-gradient":""}},"footnotes":""},"class_list":["post-2438","page","type-page","status-publish","hentry"],"yoast_head":"<!-- This site is optimized with the Yoast SEO plugin v26.6 - https:\/\/yoast.com\/wordpress\/plugins\/seo\/ -->\n<title>Edici\u00f3n especial - Prueba Vitoria GRAN FONDO 2025<\/title>\n<meta name=\"description\" content=\"Prueba Cicloturista Vitoria 2023, evento deportivo en Euskadi de ciclismo el 24 de junio, dos recorridos de 100 y 180 kil\u00f3metros.\" \/>\n<meta name=\"robots\" content=\"index, follow, max-snippet:-1, max-image-preview:large, max-video-preview:-1\" \/>\n<link rel=\"canonical\" href=\"https:\/\/pruebavitoria.es\/eu\/edicion-especial\/\" \/>\n<meta property=\"og:locale\" content=\"en_US\" \/>\n<meta property=\"og:type\" content=\"article\" \/>\n<meta property=\"og:title\" content=\"Edici\u00f3n especial - Prueba Vitoria GRAN FONDO 2025\" \/>\n<meta property=\"og:description\" content=\"Prueba Cicloturista Vitoria 2023, evento deportivo en Euskadi de ciclismo el 24 de junio, dos recorridos de 100 y 180 kil\u00f3metros.\" \/>\n<meta property=\"og:url\" content=\"https:\/\/pruebavitoria.es\/eu\/edicion-especial\/\" \/>\n<meta property=\"og:site_name\" content=\"Prueba Vitoria GRAN FONDO 2025\" \/>\n<meta property=\"article:publisher\" content=\"https:\/\/www.facebook.com\/pruebaciclistavitoria\/?_rdr\" \/>\n<meta property=\"article:modified_time\" content=\"2022-12-20T10:00:02+00:00\" \/>\n<meta property=\"og:image\" content=\"https:\/\/pruebavitoria.es\/wp-content\/uploads\/2022\/11\/cropped-TDF-GD_Pays-Basque2023-Logo-White_background-RGB-300x300.png\" \/>\n<meta name=\"twitter:card\" content=\"summary_large_image\" \/>\n<meta name=\"twitter:label1\" content=\"Est. reading time\" \/>\n\t<meta name=\"twitter:data1\" content=\"2 minutua\" \/>\n<script type=\"application\/ld+json\" class=\"yoast-schema-graph\">{\"@context\":\"https:\/\/schema.org\",\"@graph\":[{\"@type\":\"WebPage\",\"@id\":\"https:\/\/pruebavitoria.es\/edicion-especial\/\",\"url\":\"https:\/\/pruebavitoria.es\/edicion-especial\/\",\"name\":\"Edici\u00f3n especial - Prueba Vitoria GRAN FONDO 2025\",\"isPartOf\":{\"@id\":\"https:\/\/pruebavitoria.es\/#website\"},\"primaryImageOfPage\":{\"@id\":\"https:\/\/pruebavitoria.es\/edicion-especial\/#primaryimage\"},\"image\":{\"@id\":\"https:\/\/pruebavitoria.es\/edicion-especial\/#primaryimage\"},\"thumbnailUrl\":\"https:\/\/pruebavitoria.es\/wp-content\/uploads\/2022\/11\/cropped-TDF-GD_Pays-Basque2023-Logo-White_background-RGB-300x300.png\",\"datePublished\":\"2022-12-13T11:32:41+00:00\",\"dateModified\":\"2022-12-20T10:00:02+00:00\",\"description\":\"Prueba Cicloturista Vitoria 2023, evento deportivo en Euskadi de ciclismo el 24 de junio, dos recorridos de 100 y 180 kil\u00f3metros.\",\"breadcrumb\":{\"@id\":\"https:\/\/pruebavitoria.es\/edicion-especial\/#breadcrumb\"},\"inLanguage\":\"eu\",\"potentialAction\":[{\"@type\":\"ReadAction\",\"target\":[\"https:\/\/pruebavitoria.es\/edicion-especial\/\"]}]},{\"@type\":\"ImageObject\",\"inLanguage\":\"eu\",\"@id\":\"https:\/\/pruebavitoria.es\/edicion-especial\/#primaryimage\",\"url\":\"https:\/\/pruebavitoria.es\/wp-content\/uploads\/2022\/11\/cropped-TDF-GD_Pays-Basque2023-Logo-White_background-RGB-300x300.png\",\"contentUrl\":\"https:\/\/pruebavitoria.es\/wp-content\/uploads\/2022\/11\/cropped-TDF-GD_Pays-Basque2023-Logo-White_background-RGB-300x300.png\"},{\"@type\":\"BreadcrumbList\",\"@id\":\"https:\/\/pruebavitoria.es\/edicion-especial\/#breadcrumb\",\"itemListElement\":[{\"@type\":\"ListItem\",\"position\":1,\"name\":\"Portada\",\"item\":\"https:\/\/pruebavitoria.es\/\"},{\"@type\":\"ListItem\",\"position\":2,\"name\":\"Edici\u00f3n especial\"}]},{\"@type\":\"WebSite\",\"@id\":\"https:\/\/pruebavitoria.es\/#website\",\"url\":\"https:\/\/pruebavitoria.es\/\",\"name\":\"PRUEBA VITORIA GRAN FONDO\",\"description\":\"21 Junio 2025\",\"publisher\":{\"@id\":\"https:\/\/pruebavitoria.es\/#organization\"},\"potentialAction\":[{\"@type\":\"SearchAction\",\"target\":{\"@type\":\"EntryPoint\",\"urlTemplate\":\"https:\/\/pruebavitoria.es\/?s={search_term_string}\"},\"query-input\":{\"@type\":\"PropertyValueSpecification\",\"valueRequired\":true,\"valueName\":\"search_term_string\"}}],\"inLanguage\":\"eu\"},{\"@type\":\"Organization\",\"@id\":\"https:\/\/pruebavitoria.es\/#organization\",\"name\":\"PRUEBA VITORIA GRAN FONDO\",\"url\":\"https:\/\/pruebavitoria.es\/\",\"logo\":{\"@type\":\"ImageObject\",\"inLanguage\":\"eu\",\"@id\":\"https:\/\/pruebavitoria.es\/#\/schema\/logo\/image\/\",\"url\":\"https:\/\/pruebavitoria.es\/wp-content\/uploads\/2022\/01\/cropped-cropped-LOGO-GRAN-FONDO-9.png\",\"contentUrl\":\"https:\/\/pruebavitoria.es\/wp-content\/uploads\/2022\/01\/cropped-cropped-LOGO-GRAN-FONDO-9.png\",\"width\":512,\"height\":512,\"caption\":\"PRUEBA VITORIA GRAN FONDO\"},\"image\":{\"@id\":\"https:\/\/pruebavitoria.es\/#\/schema\/logo\/image\/\"},\"sameAs\":[\"https:\/\/www.facebook.com\/pruebaciclistavitoria\/?_rdr\",\"https:\/\/www.instagram.com\/pruebaciclistavitoria\/?hl=es\"]}]}<\/script>\n<!-- \/ Yoast SEO plugin. -->","yoast_head_json":{"title":"Edici\u00f3n especial - Prueba Vitoria GRAN FONDO 2025","description":"Prueba Cicloturista Vitoria 2023, evento deportivo en Euskadi de ciclismo el 24 de junio, dos recorridos de 100 y 180 kil\u00f3metros.","robots":{"index":"index","follow":"follow","max-snippet":"max-snippet:-1","max-image-preview":"max-image-preview:large","max-video-preview":"max-video-preview:-1"},"canonical":"https:\/\/pruebavitoria.es\/eu\/edicion-especial\/","og_locale":"en_US","og_type":"article","og_title":"Edici\u00f3n especial - Prueba Vitoria GRAN FONDO 2025","og_description":"Prueba Cicloturista Vitoria 2023, evento deportivo en Euskadi de ciclismo el 24 de junio, dos recorridos de 100 y 180 kil\u00f3metros.","og_url":"https:\/\/pruebavitoria.es\/eu\/edicion-especial\/","og_site_name":"Prueba Vitoria GRAN FONDO 2025","article_publisher":"https:\/\/www.facebook.com\/pruebaciclistavitoria\/?_rdr","article_modified_time":"2022-12-20T10:00:02+00:00","og_image":[{"url":"https:\/\/pruebavitoria.es\/wp-content\/uploads\/2022\/11\/cropped-TDF-GD_Pays-Basque2023-Logo-White_background-RGB-300x300.png","type":"","width":"","height":""}],"twitter_card":"summary_large_image","twitter_misc":{"Est. reading time":"2 minutua"},"schema":{"@context":"https:\/\/schema.org","@graph":[{"@type":"WebPage","@id":"https:\/\/pruebavitoria.es\/edicion-especial\/","url":"https:\/\/pruebavitoria.es\/edicion-especial\/","name":"Edici\u00f3n especial - Prueba Vitoria GRAN FONDO 2025","isPartOf":{"@id":"https:\/\/pruebavitoria.es\/#website"},"primaryImageOfPage":{"@id":"https:\/\/pruebavitoria.es\/edicion-especial\/#primaryimage"},"image":{"@id":"https:\/\/pruebavitoria.es\/edicion-especial\/#primaryimage"},"thumbnailUrl":"https:\/\/pruebavitoria.es\/wp-content\/uploads\/2022\/11\/cropped-TDF-GD_Pays-Basque2023-Logo-White_background-RGB-300x300.png","datePublished":"2022-12-13T11:32:41+00:00","dateModified":"2022-12-20T10:00:02+00:00","description":"Prueba Cicloturista Vitoria 2023, evento deportivo en Euskadi de ciclismo el 24 de junio, dos recorridos de 100 y 180 kil\u00f3metros.","breadcrumb":{"@id":"https:\/\/pruebavitoria.es\/edicion-especial\/#breadcrumb"},"inLanguage":"eu","potentialAction":[{"@type":"ReadAction","target":["https:\/\/pruebavitoria.es\/edicion-especial\/"]}]},{"@type":"ImageObject","inLanguage":"eu","@id":"https:\/\/pruebavitoria.es\/edicion-especial\/#primaryimage","url":"https:\/\/pruebavitoria.es\/wp-content\/uploads\/2022\/11\/cropped-TDF-GD_Pays-Basque2023-Logo-White_background-RGB-300x300.png","contentUrl":"https:\/\/pruebavitoria.es\/wp-content\/uploads\/2022\/11\/cropped-TDF-GD_Pays-Basque2023-Logo-White_background-RGB-300x300.png"},{"@type":"BreadcrumbList","@id":"https:\/\/pruebavitoria.es\/edicion-especial\/#breadcrumb","itemListElement":[{"@type":"ListItem","position":1,"name":"Portada","item":"https:\/\/pruebavitoria.es\/"},{"@type":"ListItem","position":2,"name":"Edici\u00f3n especial"}]},{"@type":"WebSite","@id":"https:\/\/pruebavitoria.es\/#website","url":"https:\/\/pruebavitoria.es\/","name":"PRUEBA VITORIA GRAN FONDO","description":"21 Junio 2025","publisher":{"@id":"https:\/\/pruebavitoria.es\/#organization"},"potentialAction":[{"@type":"SearchAction","target":{"@type":"EntryPoint","urlTemplate":"https:\/\/pruebavitoria.es\/?s={search_term_string}"},"query-input":{"@type":"PropertyValueSpecification","valueRequired":true,"valueName":"search_term_string"}}],"inLanguage":"eu"},{"@type":"Organization","@id":"https:\/\/pruebavitoria.es\/#organization","name":"PRUEBA VITORIA GRAN FONDO","url":"https:\/\/pruebavitoria.es\/","logo":{"@type":"ImageObject","inLanguage":"eu","@id":"https:\/\/pruebavitoria.es\/#\/schema\/logo\/image\/","url":"https:\/\/pruebavitoria.es\/wp-content\/uploads\/2022\/01\/cropped-cropped-LOGO-GRAN-FONDO-9.png","contentUrl":"https:\/\/pruebavitoria.es\/wp-content\/uploads\/2022\/01\/cropped-cropped-LOGO-GRAN-FONDO-9.png","width":512,"height":512,"caption":"PRUEBA VITORIA GRAN FONDO"},"image":{"@id":"https:\/\/pruebavitoria.es\/#\/schema\/logo\/image\/"},"sameAs":["https:\/\/www.facebook.com\/pruebaciclistavitoria\/?_rdr","https:\/\/www.instagram.com\/pruebaciclistavitoria\/?hl=es"]}]}},"_links":{"self":[{"href":"https:\/\/pruebavitoria.es\/eu\/wp-json\/wp\/v2\/pages\/2438","targetHints":{"allow":["GET"]}}],"collection":[{"href":"https:\/\/pruebavitoria.es\/eu\/wp-json\/wp\/v2\/pages"}],"about":[{"href":"https:\/\/pruebavitoria.es\/eu\/wp-json\/wp\/v2\/types\/page"}],"author":[{"embeddable":true,"href":"https:\/\/pruebavitoria.es\/eu\/wp-json\/wp\/v2\/users\/1"}],"replies":[{"embeddable":true,"href":"https:\/\/pruebavitoria.es\/eu\/wp-json\/wp\/v2\/comments?post=2438"}],"version-history":[{"count":0,"href":"https:\/\/pruebavitoria.es\/eu\/wp-json\/wp\/v2\/pages\/2438\/revisions"}],"wp:attachment":[{"href":"https:\/\/pruebavitoria.es\/eu\/wp-json\/wp\/v2\/media?parent=2438"}],"curies":[{"name":"wp","href":"https:\/\/api.w.org\/{rel}","templated":true}]}}